{"id":17,"date":"2022-10-20T17:03:34","date_gmt":"2022-10-20T15:03:34","guid":{"rendered":"https:\/\/stiftung-gewaltfreies-leben.de\/?page_id=17"},"modified":"2022-10-25T22:56:35","modified_gmt":"2022-10-25T20:56:35","slug":"leitbild-der-stiftung","status":"publish","type":"page","link":"https:\/\/stiftung-gewaltfreies-leben.de\/index.php\/leitbild-der-stiftung\/","title":{"rendered":"Leitbild der Stiftung"},"content":{"rendered":"\t\t<div data-elementor-type=\"wp-page\" data-elementor-id=\"17\" class=\"elementor elementor-17\">\n\t\t\t\t\t\t<section class=\"elementor-section elementor-top-section elementor-element elementor-element-ca61382 elementor-section-boxed elementor-section-height-default elementor-section-height-default\" data-id=\"ca61382\" data-element_type=\"section\">\n\t\t\t\t\t\t<div class=\"elementor-container elementor-column-gap-default\">\n\t\t\t\t\t<div class=\"elementor-column elementor-col-100 elementor-top-column elementor-element elementor-element-677d9e4\" data-id=\"677d9e4\" data-element_type=\"column\">\n\t\t\t<div class=\"elementor-widget-wrap elementor-element-populated\">\n\t\t\t\t\t\t<div class=\"elementor-element elementor-element-6625234 elementor-widget elementor-widget-text-editor\" data-id=\"6625234\" data-element_type=\"widget\" data-widget_type=\"text-editor.default\">\n\t\t\t\t<div class=\"elementor-widget-container\">\n\t\t\t\t\t\t\t\t\t<p>Wie auch in der Satzung hervorgehoben ist der Zweck der Stiftung die Bewusstseinsbildung des Einzelnen zu f\u00f6rdern. Dies soll in Form von Ver\u00f6ffentlichungen und Diskussionen stattfinden. Das Ziel ist es au\u00dferdem Vernetzung und Austausch zu schaffen und einen Raum f\u00fcr M\u00f6glichkeiten zu bieten.<\/p><p><span style=\"color: #000000;\"><b>Das Leitbild der Stiftung beinhaltet die Gedanken, dass<\/b><\/span><\/p>\t\t\t\t\t\t\t\t<\/div>\n\t\t\t\t<\/div>\n\t\t\t\t<div class=\"elementor-element elementor-element-d473637 elementor-invisible elementor-widget elementor-widget-text-editor\" data-id=\"d473637\" data-element_type=\"widget\" data-settings=\"{&quot;_animation&quot;:&quot;fadeInRight&quot;}\" data-widget_type=\"text-editor.default\">\n\t\t\t\t<div class=\"elementor-widget-container\">\n\t\t\t\t\t\t\t\t\t<ul>\n<li>die Erhaltung der Bewohnbarkeit des Planeten die h\u00f6chste Priorit\u00e4t hat<\/li>\n<\/ul>\t\t\t\t\t\t\t\t<\/div>\n\t\t\t\t<\/div>\n\t\t\t\t<div class=\"elementor-element elementor-element-74cc474 elementor-invisible elementor-widget elementor-widget-text-editor\" data-id=\"74cc474\" data-element_type=\"widget\" data-settings=\"{&quot;_animation&quot;:&quot;fadeInRight&quot;}\" data-widget_type=\"text-editor.default\">\n\t\t\t\t<div class=\"elementor-widget-container\">\n\t\t\t\t\t\t\t\t\t<ul>\n<li>das \u00f6konomische System den \u00f6kologischen und sozialen Bedingungen angepasst werden muss<\/li>\n<\/ul>\t\t\t\t\t\t\t\t<\/div>\n\t\t\t\t<\/div>\n\t\t\t\t<div class=\"elementor-element elementor-element-de91b64 elementor-invisible elementor-widget elementor-widget-text-editor\" data-id=\"de91b64\" data-element_type=\"widget\" data-settings=\"{&quot;_animation&quot;:&quot;fadeInRight&quot;}\" data-widget_type=\"text-editor.default\">\n\t\t\t\t<div class=\"elementor-widget-container\">\n\t\t\t\t\t\t\t\t\t<ul><li>es notwendig ist Voraussetzungen f\u00fcr ein gewaltfreies Leben zu schaffen<\/li><\/ul>\t\t\t\t\t\t\t\t<\/div>\n\t\t\t\t<\/div>\n\t\t\t\t<div class=\"elementor-element elementor-element-5b5e412 elementor-invisible elementor-widget elementor-widget-text-editor\" data-id=\"5b5e412\" data-element_type=\"widget\" data-settings=\"{&quot;_animation&quot;:&quot;fadeInRight&quot;}\" data-widget_type=\"text-editor.default\">\n\t\t\t\t<div class=\"elementor-widget-container\">\n\t\t\t\t\t\t\t\t\t<ul><li>das Bewusstsein f\u00fcr eine weltweite Verantwortung des Einzelnen f\u00fcr Menschheit und Umwelt vermittelt und gest\u00e4rkt werden soll<\/li><\/ul>\t\t\t\t\t\t\t\t<\/div>\n\t\t\t\t<\/div>\n\t\t\t\t<div class=\"elementor-element elementor-element-1c01a4b elementor-invisible elementor-widget elementor-widget-text-editor\" data-id=\"1c01a4b\" data-element_type=\"widget\" data-settings=\"{&quot;_animation&quot;:&quot;fadeInRight&quot;}\" data-widget_type=\"text-editor.default\">\n\t\t\t\t<div class=\"elementor-widget-container\">\n\t\t\t\t\t\t\t\t\t<ul><li>es ganzheitlicher L\u00f6sungen bedarf, um Gewaltfreiheit anzustreben, die auch den Einzelnen betreffen<\/li><\/ul>\t\t\t\t\t\t\t\t<\/div>\n\t\t\t\t<\/div>\n\t\t\t\t<div class=\"elementor-element elementor-element-a1090de elementor-invisible elementor-widget elementor-widget-text-editor\" data-id=\"a1090de\" data-element_type=\"widget\" data-settings=\"{&quot;_animation&quot;:&quot;fadeInRight&quot;}\" data-widget_type=\"text-editor.default\">\n\t\t\t\t<div class=\"elementor-widget-container\">\n\t\t\t\t\t\t\t\t\t<ul>\n<li>Gewaltfreiheit eine Entscheidung ist, die von jedem einzelnen Menschen getroffen werden kann<\/li>\n<\/ul>\t\t\t\t\t\t\t\t<\/div>\n\t\t\t\t<\/div>\n\t\t\t\t<div class=\"elementor-element elementor-element-eca8613 elementor-invisible elementor-widget elementor-widget-text-editor\" data-id=\"eca8613\" data-element_type=\"widget\" data-settings=\"{&quot;_animation&quot;:&quot;fadeInRight&quot;}\" data-widget_type=\"text-editor.default\">\n\t\t\t\t<div class=\"elementor-widget-container\">\n\t\t\t\t\t\t\t\t\t<ul>\n<li>Partizipation f\u00fcr die Gesellschaft unerl\u00e4sslich ist, um eine demokratische Gesellschaftsordnung aufrechtzuerhalten<\/li>\n<\/ul>\t\t\t\t\t\t\t\t<\/div>\n\t\t\t\t<\/div>\n\t\t\t\t<div class=\"elementor-element elementor-element-058685f elementor-invisible elementor-widget elementor-widget-text-editor\" data-id=\"058685f\" data-element_type=\"widget\" data-settings=\"{&quot;_animation&quot;:&quot;fadeInRight&quot;}\" data-widget_type=\"text-editor.default\">\n\t\t\t\t<div class=\"elementor-widget-container\">\n\t\t\t\t\t\t\t\t\t<ul>\n<li>Militarisierung, Wettr\u00fcsten und atomare Bedrohung langfristig \u00fcberwunden werden m\u00fcssen<\/li>\n<\/ul>\t\t\t\t\t\t\t\t<\/div>\n\t\t\t\t<\/div>\n\t\t\t\t<div class=\"elementor-element elementor-element-42c9ea6 elementor-invisible elementor-widget elementor-widget-text-editor\" data-id=\"42c9ea6\" data-element_type=\"widget\" data-settings=\"{&quot;_animation&quot;:&quot;fadeInRight&quot;}\" data-widget_type=\"text-editor.default\">\n\t\t\t\t<div class=\"elementor-widget-container\">\n\t\t\t\t\t\t\t\t\t<ul>\n<li>Rassismus ohne Ausnahme abzulehnen ist und auch andere Formen der\nDiskriminierung wie Sexismus, Klassismus, Transphobie oder Ableismus\nusw. abgelehnt werden m\u00fcssen<\/li>\n<\/ul>\t\t\t\t\t\t\t\t<\/div>\n\t\t\t\t<\/div>\n\t\t\t\t<div class=\"elementor-element elementor-element-c91ca53 elementor-invisible elementor-widget elementor-widget-text-editor\" data-id=\"c91ca53\" data-element_type=\"widget\" data-settings=\"{&quot;_animation&quot;:&quot;fadeInRight&quot;}\" data-widget_type=\"text-editor.default\">\n\t\t\t\t<div class=\"elementor-widget-container\">\n\t\t\t\t\t\t\t\t\t<ul><li><p>Humanismus eine grunds\u00e4tzliche Haltung ist, die zu bewahren bzw. wieder herzustellen ist<\/p><\/li><\/ul>\t\t\t\t\t\t\t\t<\/div>\n\t\t\t\t<\/div>\n\t\t\t\t<div class=\"elementor-element elementor-element-d75566d elementor-widget elementor-widget-text-editor\" data-id=\"d75566d\" data-element_type=\"widget\" data-widget_type=\"text-editor.default\">\n\t\t\t\t<div class=\"elementor-widget-container\">\n\t\t\t\t\t\t\t\t\t<p><b>Erwartungen f\u00fcr Teilnehmende:<\/b><\/p>\t\t\t\t\t\t\t\t<\/div>\n\t\t\t\t<\/div>\n\t\t\t\t<div class=\"elementor-element elementor-element-63a7e1d elementor-invisible elementor-widget elementor-widget-text-editor\" data-id=\"63a7e1d\" data-element_type=\"widget\" data-settings=\"{&quot;_animation&quot;:&quot;fadeInRight&quot;}\" data-widget_type=\"text-editor.default\">\n\t\t\t\t<div class=\"elementor-widget-container\">\n\t\t\t\t\t\t\t\t\t<ul><li>Humanistische Grundhaltung<\/li><\/ul>\t\t\t\t\t\t\t\t<\/div>\n\t\t\t\t<\/div>\n\t\t\t\t<div class=\"elementor-element elementor-element-bb75d37 elementor-invisible elementor-widget elementor-widget-text-editor\" data-id=\"bb75d37\" data-element_type=\"widget\" data-settings=\"{&quot;_animation&quot;:&quot;fadeInRight&quot;}\" data-widget_type=\"text-editor.default\">\n\t\t\t\t<div class=\"elementor-widget-container\">\n\t\t\t\t\t\t\t\t\t<ul><li>Respektvoller Umgang auch bei Meinungsverschiedenheiten<\/li><\/ul>\t\t\t\t\t\t\t\t<\/div>\n\t\t\t\t<\/div>\n\t\t\t\t<div class=\"elementor-element elementor-element-84ce324 elementor-invisible elementor-widget elementor-widget-text-editor\" data-id=\"84ce324\" data-element_type=\"widget\" data-settings=\"{&quot;_animation&quot;:&quot;fadeInRight&quot;}\" data-widget_type=\"text-editor.default\">\n\t\t\t\t<div class=\"elementor-widget-container\">\n\t\t\t\t\t\t\t\t\t<ul>\n<li>Keine Diskriminierung von bestimmten Menschengruppen oder anderen Teilnehmenden<\/li>\n<\/ul>\t\t\t\t\t\t\t\t<\/div>\n\t\t\t\t<\/div>\n\t\t\t\t\t<\/div>\n\t\t<\/div>\n\t\t\t\t\t<\/div>\n\t\t<\/section>\n\t\t\t\t<\/div>\n\t\t","protected":false},"excerpt":{"rendered":"<p>Wie auch in der Satzung hervorgehoben ist der Zweck der Stiftung die Bewusstseinsbildung des Einzelnen zu f\u00f6rdern. Dies soll in Form von Ver\u00f6ffentlichungen und Diskussionen stattfinden. Das Ziel ist es au\u00dferdem Vernetzung und Austausch zu schaffen und einen Raum f\u00fcr M\u00f6glichkeiten zu bieten. Das Leitbild der Stiftung beinhaltet die Gedanken, dass die Erhaltung der Bewohnbarkeit &hellip;<\/p>\n","protected":false},"author":1,"featured_media":0,"parent":0,"menu_order":0,"comment_status":"closed","ping_status":"closed","template":"","meta":{"footnotes":""},"aioseo_notices":[],"_links":{"self":[{"href":"https:\/\/stiftung-gewaltfreies-leben.de\/index.php\/wp-json\/wp\/v2\/pages\/17"}],"collection":[{"href":"https:\/\/stiftung-gewaltfreies-leben.de\/index.php\/wp-json\/wp\/v2\/pages"}],"about":[{"href":"https:\/\/stiftung-gewaltfreies-leben.de\/index.php\/wp-json\/wp\/v2\/types\/page"}],"author":[{"embeddable":true,"href":"https:\/\/stiftung-gewaltfreies-leben.de\/index.php\/wp-json\/wp\/v2\/users\/1"}],"replies":[{"embeddable":true,"href":"https:\/\/stiftung-gewaltfreies-leben.de\/index.php\/wp-json\/wp\/v2\/comments?post=17"}],"version-history":[{"count":7,"href":"https:\/\/stiftung-gewaltfreies-leben.de\/index.php\/wp-json\/wp\/v2\/pages\/17\/revisions"}],"predecessor-version":[{"id":235,"href":"https:\/\/stiftung-gewaltfreies-leben.de\/index.php\/wp-json\/wp\/v2\/pages\/17\/revisions\/235"}],"wp:attachment":[{"href":"https:\/\/stiftung-gewaltfreies-leben.de\/index.php\/wp-json\/wp\/v2\/media?parent=17"}],"curies":[{"name":"wp","href":"https:\/\/api.w.org\/{rel}","templated":true}]}}