{"id":1529,"date":"2025-10-16T15:42:44","date_gmt":"2025-10-16T13:42:44","guid":{"rendered":"https:\/\/stiftung-gewaltfreies-leben.de\/?page_id=1529"},"modified":"2025-11-16T15:44:22","modified_gmt":"2025-11-16T14:44:22","slug":"die-subjektivitaet-der-realitaetswahrnehmung-materie-und-bewusstsein","status":"publish","type":"page","link":"https:\/\/stiftung-gewaltfreies-leben.de\/index.php\/blog-marisa\/die-subjektivitaet-der-realitaetswahrnehmung-materie-und-bewusstsein\/","title":{"rendered":"Die Subjektivit\u00e4t der Realit\u00e4tswahrnehmung &#8211; Materie und Bewusstsein"},"content":{"rendered":"\t\t<div data-elementor-type=\"wp-page\" data-elementor-id=\"1529\" class=\"elementor elementor-1529\">\n\t\t\t\t\t\t<section class=\"elementor-section elementor-top-section elementor-element elementor-element-da27426 elementor-section-boxed elementor-section-height-default elementor-section-height-default\" data-id=\"da27426\" data-element_type=\"section\">\n\t\t\t\t\t\t<div class=\"elementor-container elementor-column-gap-default\">\n\t\t\t\t\t<div class=\"elementor-column elementor-col-100 elementor-top-column elementor-element elementor-element-3aaeca3\" data-id=\"3aaeca3\" data-element_type=\"column\">\n\t\t\t<div class=\"elementor-widget-wrap elementor-element-populated\">\n\t\t\t\t\t\t<div class=\"elementor-element elementor-element-0057199 elementor-invisible elementor-widget elementor-widget-text-editor\" data-id=\"0057199\" data-element_type=\"widget\" data-settings=\"{&quot;_animation&quot;:&quot;zoomInRight&quot;}\" data-widget_type=\"text-editor.default\">\n\t\t\t\t<div class=\"elementor-widget-container\">\n\t\t\t\t\t\t\t\t\t<div class=\"xdj266r x14z9mp xat24cr x1lziwak x1vvkbs x126k92a\"><div dir=\"auto\">Es ist entscheidend, Bewusstsein in Relation zu den materiellen Verh\u00e4ltnissen zu betrachten, denn diese haben einen starken Einfluss auf seine Entwicklung. Dennoch sind sie nicht der einzige Faktor. Menschen verf\u00fcgen \u00fcber Charaktereigenschaften und innere Dispositionen, die \u00fcber ihre materiellen Pr\u00e4gungen hinausgehen.<\/div><\/div><div class=\"x14z9mp xat24cr x1lziwak x1vvkbs xtlvy1s x126k92a\"><div dir=\"auto\">Die Bewusstseinsforschung steckt noch in den Kinderschuhen. Bis heute ist nicht abschlie\u00dfend gekl\u00e4rt, welche Anteile von Genetik, Sozialisation, Erziehung, Klasse, Schicht, Milieu und Bildungsm\u00f6glichkeiten die Entwicklung des Bewusstseins bestimmen \u2013 und wo dar\u00fcber hinaus individuelle Unterschiede beginnen.<\/div><\/div><div class=\"x14z9mp xat24cr x1lziwak x1vvkbs xtlvy1s x126k92a\"><div dir=\"auto\">Menschen nehmen die materiellen Bedingungen nie unvermittelt wahr, sondern durch individuelle Filter. Wahrnehmung ist selektiv und subjektiv. Daher konstruieren Menschen ihre eigene Wirklichkeit und machen ihre subjektiven Annahmen zu ihrer gelebten Realit\u00e4t \u2013 selbst dann, wenn diese von der objektiven Wirklichkeit abweicht.<\/div><\/div><div class=\"x14z9mp xat24cr x1lziwak x1vvkbs xtlvy1s x126k92a\"><div dir=\"auto\">Zudem sind nur Teile der objektiven Realit\u00e4t messbar. Selbst Messinstrumente sind von menschlichen Konzepten und ihren Begrenzungen gepr\u00e4gt.<\/div><div dir=\"auto\">\u00a0<\/div><\/div><div class=\"x14z9mp xat24cr x1lziwak x1vvkbs xtlvy1s x126k92a\"><div dir=\"auto\">Materielle Verh\u00e4ltnisse existieren objektiv: Klassengegens\u00e4tze, Hunger, Verelendung sind reale, messbare Ph\u00e4nomene. Dennoch kann die wahrgenommene Wirklichkeit selbst unter denselben Bedingungen stark variieren.<\/div><\/div><div class=\"x14z9mp xat24cr x1lziwak x1vvkbs xtlvy1s x126k92a\"><div dir=\"auto\">Die Deutung, die Menschen ihrer Lebenslage geben, entscheidet dar\u00fcber, wie sie diese erleben. Ein Mensch kann objektiv ein Sklave sein, materiell kaum etwas besitzen und trotzdem seine Ketten lieben und zufrieden sein. Sein Bruder, der unter denselben Bedingungen lebt, kann dieselbe Situation als Ungerechtigkeit erkennen und darin einen Grund zum Widerstand sehen.<\/div><div dir=\"auto\">\u00a0<\/div><\/div><div class=\"x14z9mp xat24cr x1lziwak x1vvkbs xtlvy1s x126k92a\"><div dir=\"auto\">Die materiellen Verh\u00e4ltnisse pr\u00e4gen die Filter, durch die Menschen ihre Wirklichkeit wahrnehmen. Aber ebenso konstruiert das Bewusstsein, wie das Sein wahrgenommen wird. Es besteht eine Wechselwirkung: Das Sein bestimmt das Bewusstsein, indem es die M\u00f6glichkeiten, Chancen und Zw\u00e4nge vorgibt. Das Bewusstsein bestimmt das Sein, indem es dessen Bedeutung interpretiert und Handlungen ableitet, die die materiellen Verh\u00e4ltnisse ver\u00e4ndern k\u00f6nnen.<\/div><\/div><div class=\"x14z9mp xat24cr x1lziwak x1vvkbs xtlvy1s x126k92a\"><div dir=\"auto\">Medien, Politik, Think Tanks, Religionen und Institutionen versuchen aktiv, die Deutungsrahmen der Menschen zu beeinflussen. Subjektive Wahrnehmungen sind anf\u00e4llig f\u00fcr Manipulation. Denn hoffnungslose oder gl\u00fcckliche \u201eSklaven\u201c sind leichter zu kontrollieren. Aus diesem Grund gibt es Versuche, Menschen davon abzuhalten, soziale Widerspr\u00fcche als ver\u00e4nderbare Probleme zu begreifen. Stattdessen sollen sie die bestehende Wirklichkeit als unver\u00e4nderlich akzeptieren.<\/div><\/div><div class=\"x14z9mp xat24cr x1lziwak x1vvkbs xtlvy1s x126k92a\"><div dir=\"auto\">Um Ver\u00e4nderungen herbeizuf\u00fchren, muss man Menschen dort abholen, wo sie stehen. Das Ziel ist, ihre Realit\u00e4tsvorstellung so zu erweitern, dass die selektive Wahrnehmung verschoben wird, der Rahmen des Denkbaren gr\u00f6\u00dfer wird und soziale Widerspr\u00fcche klarer erkannt werden.<\/div><\/div><div class=\"x14z9mp xat24cr x1lziwak x1vvkbs xtlvy1s x126k92a\"><div dir=\"auto\">Wenn die Bed\u00fcrfnisse und Interessen unterdr\u00fcckter Gruppen bewusster wahrgenommen und anerkannt werden, entsteht die Grundlage, diese Bed\u00fcrfnisse aktiv zu verteidigen. Erst dann k\u00f6nnen Verh\u00e4ltnisse geschaffen werden, in denen Menschen existenziell abgesichert sind, ihre Bed\u00fcrfnisse erf\u00fcllt werden und ein nachhaltiger, respektvoller Umgang mit der Umwelt m\u00f6glich ist.<\/div><\/div>\t\t\t\t\t\t\t\t<\/div>\n\t\t\t\t<\/div>\n\t\t\t\t\t<\/div>\n\t\t<\/div>\n\t\t\t\t\t<\/div>\n\t\t<\/section>\n\t\t\t\t<section class=\"elementor-section elementor-top-section elementor-element elementor-element-3370c36 elementor-section-boxed elementor-section-height-default elementor-section-height-default\" data-id=\"3370c36\" data-element_type=\"section\">\n\t\t\t\t\t\t<div class=\"elementor-container elementor-column-gap-default\">\n\t\t\t\t\t<div class=\"elementor-column elementor-col-100 elementor-top-column elementor-element elementor-element-6de3491\" data-id=\"6de3491\" data-element_type=\"column\">\n\t\t\t<div class=\"elementor-widget-wrap elementor-element-populated\">\n\t\t\t\t\t\t<div class=\"elementor-element elementor-element-8a50f11 elementor-widget elementor-widget-text-editor\" data-id=\"8a50f11\" data-element_type=\"widget\" data-widget_type=\"text-editor.default\">\n\t\t\t\t<div class=\"elementor-widget-container\">\n\t\t\t\t\t\t\t\t\t<p style=\"text-align: right;\">Datum: 16.10.2025<\/p><p>\u00a0<\/p>\t\t\t\t\t\t\t\t<\/div>\n\t\t\t\t<\/div>\n\t\t\t\t<div class=\"elementor-element elementor-element-2012d45 e-grid-align-left elementor-grid-1 elementor-shape-rounded elementor-invisible elementor-widget elementor-widget-social-icons\" data-id=\"2012d45\" data-element_type=\"widget\" data-settings=\"{&quot;_animation&quot;:&quot;zoomInUp&quot;}\" data-widget_type=\"social-icons.default\">\n\t\t\t\t<div class=\"elementor-widget-container\">\n\t\t\t\t\t\t\t<div class=\"elementor-social-icons-wrapper elementor-grid\">\n\t\t\t\t\t\t\t<span class=\"elementor-grid-item\">\n\t\t\t\t\t<a class=\"elementor-icon elementor-social-icon elementor-social-icon-facebook elementor-animation-pop elementor-repeater-item-9a7555e\" href=\"https:\/\/www.facebook.com\/profile.php?id=100087309576070\" target=\"_blank\">\n\t\t\t\t\t\t<span class=\"elementor-screen-only\">Facebook<\/span>\n\t\t\t\t\t\t<i class=\"fab fa-facebook\"><\/i>\t\t\t\t\t<\/a>\n\t\t\t\t<\/span>\n\t\t\t\t\t<\/div>\n\t\t\t\t\t\t<\/div>\n\t\t\t\t<\/div>\n\t\t\t\t<div class=\"elementor-element elementor-element-5b291f2 elementor-invisible elementor-widget elementor-widget-html\" data-id=\"5b291f2\" data-element_type=\"widget\" data-settings=\"{&quot;_animation&quot;:&quot;zoomInUp&quot;}\" data-widget_type=\"html.default\">\n\t\t\t\t<div class=\"elementor-widget-container\">\n\t\t\t\t\t<div id=\"fb-root\"><\/div>\n<script async defer crossorigin=\"anonymous\" src=\"https:\/\/connect.facebook.net\/de_DE\/sdk.js#xfbml=1&version=v15.0&appId=1303074663797403&autoLogAppEvents=1\" nonce=\"DHhOO0Bo\"><\/script>\n<div class=\"fb-post\" data-href=\"https:\/\/www.facebook.com\/permalink.php?story_fbid=pfbid0KPoh8C2s5ZvaSxFzoyQw2CRvZAQeeK8KVDJPB6HvocMVHroTtmiFwYKWHQJpxCA8l&amp;id=100087309576070\" data-width=\"750\" data-show-text=\"true\"><blockquote cite=\"https:\/\/www.facebook.com\/permalink.php?story_fbid=102985589288427&amp;id=100087309576070\" class=\"fb-xfbml-parse-ignore\"><p>Hey \ud83d\ude42 Danke schon Mal, dass ihr der Einladung gefolgt seid. Ich hab bisher kaum jemanden eingeladen, gerade ist der...<\/p>Gepostet von <a href=\"https:\/\/www.facebook.com\/people\/Marisa-Blog-Stiftung-Gewaltfreies-Leben\/100087309576070\/\">Marisa Blog - Stiftung Gewaltfreies Leben<\/a> am&nbsp;<a href=\"https:\/\/www.facebook.com\/permalink.php?story_fbid=102985589288427&amp;id=100087309576070\">Donnerstag, 27. Oktober 2022<\/a><\/blockquote><\/div>\t\t\t\t<\/div>\n\t\t\t\t<\/div>\n\t\t\t\t\t<\/div>\n\t\t<\/div>\n\t\t\t\t\t<\/div>\n\t\t<\/section>\n\t\t\t\t<\/div>\n\t\t","protected":false},"excerpt":{"rendered":"<p>Es ist entscheidend, Bewusstsein in Relation zu den materiellen Verh\u00e4ltnissen zu betrachten, denn diese haben einen starken Einfluss auf seine Entwicklung. Dennoch sind sie nicht der einzige Faktor. Menschen verf\u00fcgen \u00fcber Charaktereigenschaften und innere Dispositionen, die \u00fcber ihre materiellen Pr\u00e4gungen hinausgehen.Die Bewusstseinsforschung steckt noch in den Kinderschuhen. Bis heute ist nicht abschlie\u00dfend gekl\u00e4rt, welche Anteile &hellip;<\/p>\n","protected":false},"author":2,"featured_media":0,"parent":15,"menu_order":0,"comment_status":"closed","ping_status":"closed","template":"","meta":{"footnotes":""},"aioseo_notices":[],"_links":{"self":[{"href":"https:\/\/stiftung-gewaltfreies-leben.de\/index.php\/wp-json\/wp\/v2\/pages\/1529"}],"collection":[{"href":"https:\/\/stiftung-gewaltfreies-leben.de\/index.php\/wp-json\/wp\/v2\/pages"}],"about":[{"href":"https:\/\/stiftung-gewaltfreies-leben.de\/index.php\/wp-json\/wp\/v2\/types\/page"}],"author":[{"embeddable":true,"href":"https:\/\/stiftung-gewaltfreies-leben.de\/index.php\/wp-json\/wp\/v2\/users\/2"}],"replies":[{"embeddable":true,"href":"https:\/\/stiftung-gewaltfreies-leben.de\/index.php\/wp-json\/wp\/v2\/comments?post=1529"}],"version-history":[{"count":4,"href":"https:\/\/stiftung-gewaltfreies-leben.de\/index.php\/wp-json\/wp\/v2\/pages\/1529\/revisions"}],"predecessor-version":[{"id":1533,"href":"https:\/\/stiftung-gewaltfreies-leben.de\/index.php\/wp-json\/wp\/v2\/pages\/1529\/revisions\/1533"}],"up":[{"embeddable":true,"href":"https:\/\/stiftung-gewaltfreies-leben.de\/index.php\/wp-json\/wp\/v2\/pages\/15"}],"wp:attachment":[{"href":"https:\/\/stiftung-gewaltfreies-leben.de\/index.php\/wp-json\/wp\/v2\/media?parent=1529"}],"curies":[{"name":"wp","href":"https:\/\/api.w.org\/{rel}","templated":true}]}}