{"id":1449,"date":"2024-11-17T18:53:23","date_gmt":"2024-11-17T17:53:23","guid":{"rendered":"https:\/\/stiftung-gewaltfreies-leben.de\/?page_id=1449"},"modified":"2024-11-17T18:54:12","modified_gmt":"2024-11-17T17:54:12","slug":"reichsprogromnacht-mehr-als-nur-erinnerungskultur","status":"publish","type":"page","link":"https:\/\/stiftung-gewaltfreies-leben.de\/index.php\/blog-marisa\/reichsprogromnacht-mehr-als-nur-erinnerungskultur\/","title":{"rendered":"Reichsprogromnacht &#8211; Mehr als nur Erinnerungskultur"},"content":{"rendered":"\t\t<div data-elementor-type=\"wp-page\" data-elementor-id=\"1449\" class=\"elementor elementor-1449\">\n\t\t\t\t\t\t<section class=\"elementor-section elementor-top-section elementor-element elementor-element-da27426 elementor-section-boxed elementor-section-height-default elementor-section-height-default\" data-id=\"da27426\" data-element_type=\"section\">\n\t\t\t\t\t\t<div class=\"elementor-container elementor-column-gap-default\">\n\t\t\t\t\t<div class=\"elementor-column elementor-col-100 elementor-top-column elementor-element elementor-element-3aaeca3\" data-id=\"3aaeca3\" data-element_type=\"column\">\n\t\t\t<div class=\"elementor-widget-wrap elementor-element-populated\">\n\t\t\t\t\t\t<div class=\"elementor-element elementor-element-0057199 elementor-invisible elementor-widget elementor-widget-text-editor\" data-id=\"0057199\" data-element_type=\"widget\" data-settings=\"{&quot;_animation&quot;:&quot;zoomInRight&quot;}\" data-widget_type=\"text-editor.default\">\n\t\t\t\t<div class=\"elementor-widget-container\">\n\t\t\t\t\t\t\t\t\t<p>Heute gedenken wir der Reichspogromnacht und erinnern an die abscheulichen Verbrechen der Nationalsozialisten.<br class=\"html-br\" \/>Als folgende Generationen tragen wir keine direkte Schuld f\u00fcr die Zeit zwischen 1933 und 1945, aber wir tragen eine Verantwortung daf\u00fcr, dass die Erinnerungen bleiben und so etwas niemals mehr passiert.<br class=\"html-br\" \/><br class=\"html-br\" \/>W\u00e4hrend wir immer wieder dazu debattieren, wie so etwas m\u00f6glich war, wie es so weit kommen konnte, erleben wir heute live, wie leicht es geht, dass Menschengruppen zu S\u00fcndenb\u00f6cken gemacht werden und Forderungen diese zu bek\u00e4mpfen wieder salonf\u00e4hig werden. Wie Parteien, in denen es gesichert rechtsextreme Kreise gibt, immer beliebter werden und sie in immer mehr L\u00e4ndern die Regierung stellen. Dabei hat die Geschichte mehrfach aufgezeigt, dass politischer Rechtsextremismus eine reale Gefahr f\u00fcr das Leben benachteiligter Minderheiten darstellen kann.<br class=\"html-br\" \/>Rechts wurde trotz dem historischen Wissen \u00fcber die Gefahren rechter Ideologie wieder eine offene Selbstbezeichnung vieler B\u00fcrger. Der Rechtsruck zieht sich durch fast jede Partei. Wir m\u00fcssen damit rechnen, dass dieser Rechtsruck sich weiter zuspitzen kann.<br class=\"html-br\" \/><br class=\"html-br\" \/>Anti-Faschismus darf nicht nur Erinnerungskultur bedeuten. Anti-Faschismus bedeutet fortlaufend gegen faschistische Strukturen anzuk\u00e4mpfen. Es braucht dringend ausgekl\u00fcgelte Strategien, wie man sich gegen das Erstarken rechter Ideologien in Gesellschaft und Politik organisieren kann. Und wie man im schlimmsten Fall Widerstand leisten kann, wenn der Rechtsextremismus eines Tages wieder gewinnen wird<\/p>\t\t\t\t\t\t\t\t<\/div>\n\t\t\t\t<\/div>\n\t\t\t\t\t<\/div>\n\t\t<\/div>\n\t\t\t\t\t<\/div>\n\t\t<\/section>\n\t\t\t\t<section class=\"elementor-section elementor-top-section elementor-element elementor-element-3370c36 elementor-section-boxed elementor-section-height-default elementor-section-height-default\" data-id=\"3370c36\" data-element_type=\"section\">\n\t\t\t\t\t\t<div class=\"elementor-container elementor-column-gap-default\">\n\t\t\t\t\t<div class=\"elementor-column elementor-col-100 elementor-top-column elementor-element elementor-element-6de3491\" data-id=\"6de3491\" data-element_type=\"column\">\n\t\t\t<div class=\"elementor-widget-wrap elementor-element-populated\">\n\t\t\t\t\t\t<div class=\"elementor-element elementor-element-8a50f11 elementor-widget elementor-widget-text-editor\" data-id=\"8a50f11\" data-element_type=\"widget\" data-widget_type=\"text-editor.default\">\n\t\t\t\t<div class=\"elementor-widget-container\">\n\t\t\t\t\t\t\t\t\t<p style=\"text-align: right;\">Datum: 9. November 2024<\/p>\t\t\t\t\t\t\t\t<\/div>\n\t\t\t\t<\/div>\n\t\t\t\t<div class=\"elementor-element elementor-element-2012d45 e-grid-align-left elementor-grid-1 elementor-shape-rounded elementor-invisible elementor-widget elementor-widget-social-icons\" data-id=\"2012d45\" data-element_type=\"widget\" data-settings=\"{&quot;_animation&quot;:&quot;zoomInUp&quot;}\" data-widget_type=\"social-icons.default\">\n\t\t\t\t<div class=\"elementor-widget-container\">\n\t\t\t\t\t\t\t<div class=\"elementor-social-icons-wrapper elementor-grid\">\n\t\t\t\t\t\t\t<span class=\"elementor-grid-item\">\n\t\t\t\t\t<a class=\"elementor-icon elementor-social-icon elementor-social-icon-facebook elementor-animation-pop elementor-repeater-item-9a7555e\" href=\"https:\/\/www.facebook.com\/profile.php?id=100087309576070\" target=\"_blank\">\n\t\t\t\t\t\t<span class=\"elementor-screen-only\">Facebook<\/span>\n\t\t\t\t\t\t<i class=\"fab fa-facebook\"><\/i>\t\t\t\t\t<\/a>\n\t\t\t\t<\/span>\n\t\t\t\t\t<\/div>\n\t\t\t\t\t\t<\/div>\n\t\t\t\t<\/div>\n\t\t\t\t<div class=\"elementor-element elementor-element-5b291f2 elementor-invisible elementor-widget elementor-widget-html\" data-id=\"5b291f2\" data-element_type=\"widget\" data-settings=\"{&quot;_animation&quot;:&quot;zoomInUp&quot;}\" data-widget_type=\"html.default\">\n\t\t\t\t<div class=\"elementor-widget-container\">\n\t\t\t\t\t<div id=\"fb-root\"><\/div>\n<script async defer crossorigin=\"anonymous\" src=\"https:\/\/connect.facebook.net\/de_DE\/sdk.js#xfbml=1&version=v15.0&appId=1303074663797403&autoLogAppEvents=1\" nonce=\"DHhOO0Bo\"><\/script>\n<div class=\"fb-post\" data-href=\"https:\/\/www.facebook.com\/permalink.php?story_fbid=pfbid0KPoh8C2s5ZvaSxFzoyQw2CRvZAQeeK8KVDJPB6HvocMVHroTtmiFwYKWHQJpxCA8l&amp;id=100087309576070\" data-width=\"750\" data-show-text=\"true\"><blockquote cite=\"https:\/\/www.facebook.com\/permalink.php?story_fbid=102985589288427&amp;id=100087309576070\" class=\"fb-xfbml-parse-ignore\"><p>Hey \ud83d\ude42 Danke schon Mal, dass ihr der Einladung gefolgt seid. Ich hab bisher kaum jemanden eingeladen, gerade ist der...<\/p>Gepostet von <a href=\"https:\/\/www.facebook.com\/people\/Marisa-Blog-Stiftung-Gewaltfreies-Leben\/100087309576070\/\">Marisa Blog - Stiftung Gewaltfreies Leben<\/a> am&nbsp;<a href=\"https:\/\/www.facebook.com\/permalink.php?story_fbid=102985589288427&amp;id=100087309576070\">Donnerstag, 27. Oktober 2022<\/a><\/blockquote><\/div>\t\t\t\t<\/div>\n\t\t\t\t<\/div>\n\t\t\t\t\t<\/div>\n\t\t<\/div>\n\t\t\t\t\t<\/div>\n\t\t<\/section>\n\t\t\t\t<\/div>\n\t\t","protected":false},"excerpt":{"rendered":"<p>Heute gedenken wir der Reichspogromnacht und erinnern an die abscheulichen Verbrechen der Nationalsozialisten.Als folgende Generationen tragen wir keine direkte Schuld f\u00fcr die Zeit zwischen 1933 und 1945, aber wir tragen eine Verantwortung daf\u00fcr, dass die Erinnerungen bleiben und so etwas niemals mehr passiert. W\u00e4hrend wir immer wieder dazu debattieren, wie so etwas m\u00f6glich war, wie &hellip;<\/p>\n","protected":false},"author":2,"featured_media":0,"parent":15,"menu_order":0,"comment_status":"closed","ping_status":"closed","template":"","meta":{"footnotes":""},"aioseo_notices":[],"_links":{"self":[{"href":"https:\/\/stiftung-gewaltfreies-leben.de\/index.php\/wp-json\/wp\/v2\/pages\/1449"}],"collection":[{"href":"https:\/\/stiftung-gewaltfreies-leben.de\/index.php\/wp-json\/wp\/v2\/pages"}],"about":[{"href":"https:\/\/stiftung-gewaltfreies-leben.de\/index.php\/wp-json\/wp\/v2\/types\/page"}],"author":[{"embeddable":true,"href":"https:\/\/stiftung-gewaltfreies-leben.de\/index.php\/wp-json\/wp\/v2\/users\/2"}],"replies":[{"embeddable":true,"href":"https:\/\/stiftung-gewaltfreies-leben.de\/index.php\/wp-json\/wp\/v2\/comments?post=1449"}],"version-history":[{"count":8,"href":"https:\/\/stiftung-gewaltfreies-leben.de\/index.php\/wp-json\/wp\/v2\/pages\/1449\/revisions"}],"predecessor-version":[{"id":1457,"href":"https:\/\/stiftung-gewaltfreies-leben.de\/index.php\/wp-json\/wp\/v2\/pages\/1449\/revisions\/1457"}],"up":[{"embeddable":true,"href":"https:\/\/stiftung-gewaltfreies-leben.de\/index.php\/wp-json\/wp\/v2\/pages\/15"}],"wp:attachment":[{"href":"https:\/\/stiftung-gewaltfreies-leben.de\/index.php\/wp-json\/wp\/v2\/media?parent=1449"}],"curies":[{"name":"wp","href":"https:\/\/api.w.org\/{rel}","templated":true}]}}