{"id":1260,"date":"2023-10-06T00:29:49","date_gmt":"2023-10-05T22:29:49","guid":{"rendered":"https:\/\/stiftung-gewaltfreies-leben.de\/?page_id=1260"},"modified":"2023-10-06T00:30:24","modified_gmt":"2023-10-05T22:30:24","slug":"hoffnung-wagen-organisation-niedrigschwellig-ermoeglichen","status":"publish","type":"page","link":"https:\/\/stiftung-gewaltfreies-leben.de\/index.php\/blog-marisa\/hoffnung-wagen-organisation-niedrigschwellig-ermoeglichen\/","title":{"rendered":"Hoffnung wagen &#8211; Organisation niedrigschwellig erm\u00f6glichen"},"content":{"rendered":"\t\t<div data-elementor-type=\"wp-page\" data-elementor-id=\"1260\" class=\"elementor elementor-1260\">\n\t\t\t\t\t\t<section class=\"elementor-section elementor-top-section elementor-element elementor-element-da27426 elementor-section-boxed elementor-section-height-default elementor-section-height-default\" data-id=\"da27426\" data-element_type=\"section\">\n\t\t\t\t\t\t<div class=\"elementor-container elementor-column-gap-default\">\n\t\t\t\t\t<div class=\"elementor-column elementor-col-100 elementor-top-column elementor-element elementor-element-3aaeca3\" data-id=\"3aaeca3\" data-element_type=\"column\">\n\t\t\t<div class=\"elementor-widget-wrap elementor-element-populated\">\n\t\t\t\t\t\t<div class=\"elementor-element elementor-element-0057199 elementor-invisible elementor-widget elementor-widget-text-editor\" data-id=\"0057199\" data-element_type=\"widget\" data-settings=\"{&quot;_animation&quot;:&quot;zoomInRight&quot;}\" data-widget_type=\"text-editor.default\">\n\t\t\t\t<div class=\"elementor-widget-container\">\n\t\t\t\t\t\t\t\t\t<div><div dir=\"auto\">Hoffnung ist der entscheidende Antrieb f\u00fcr eine Vision einer besseren Welt. Sie erm\u00f6glicht es Menschen, sich f\u00fcr positive Ver\u00e4nderungen einzusetzen und Herausforderungen zu \u00fcberwinden. Ohne Hoffnung k\u00f6nnten wir uns nicht vorstellen, wie die Welt besser sein k\u00f6nnte, und wir w\u00fcrden nicht die Motivation finden, an einer solchen Vision zu arbeiten. Hoffnung ist der erste und wichtigste Schritt zur Verwirklichung einer positiven Zukunft.\u00b4<\/div><div dir=\"auto\">\u00a0<\/div><\/div><div><div dir=\"auto\">Durch die soziale Schieflage leiden Menschen zunehmend an einem Mangel daf\u00fcr sich eine bessere Welt vorzustellen. Vielen schwindet die Hoffnung, dass sich etwas ver\u00e4ndern kann, sowohl in ihrem eigenen Leben wie in der Gesellschaft und an den politisch-\u00f6konomischen Rahmenbedingungen. Dystopische Vorstellungen nehmen zu, w\u00e4hrend Visionen abnehmen. Es gibt viele verschiedene Angebote, doch eine Vielzahl Menschen wissen nicht, wie sie sich einbringen k\u00f6nnen. Oft h\u00f6rt man S\u00e4tze wie &#8222;Das kann ich sowieso nicht \u00e4ndern&#8220;. Trotz wachsenden Angebote scheint die reale Partizaption zu sinken.<\/div><\/div><div><div dir=\"auto\">Ohne aktive Partizipation kann es keinen Fortschritt geben, denn die Schieflage wird sich nicht von selbst ver\u00e4ndern. Der Kapitalismus wird sich nicht ohne ein gesellschaftliches Gegengewicht aufl\u00f6sen oder &#8222;fairer werden&#8220;. Es bedarf einer Gesellschaft, die die Kraft hat sich zu erheben. Die gewillt ist sich einzusetzen, um Ver\u00e4nderungen herbeizuf\u00fchren und bereit ist ihre Kraft einzusetzen, um Druck auf politische Institutionen auszu\u00fcben.<\/div><div dir=\"auto\">\u00a0<\/div><\/div><div><div dir=\"auto\">Sich gemeinsam mit anderen Gleichgesinnten f\u00fcr etwas einzusetzen kann helfen das Gef\u00fchl der Ohnm\u00e4chtigkeit zu \u00fcberwinden. Doch sollten Organisatoren von Angeboten beachten, dass Angebote m\u00f6glichst inklusiv und auch niedrigschwellig f\u00fcr Menschen mit weniger Erfahrungen in politischer Arbeit, psychischen Erkrankungen oder Hemmschwellen erreichbar sein. M\u00f6glichkeiten sich einzusetzen sollten Interessierte nicht \u00fcberfordern und dem Einzelnen die M\u00f6glichkeit geben innerhalb der pers\u00f6nlichen Grenzen etwas zu tun. Oft f\u00fchlen sich Menschen \u00fcberfordert mit konkurrierenden Angeboten und wissen nicht, wie sie sich und ihre Kompetenzen einbringen k\u00f6nnen. Schicksalsgl\u00e4ubige Ohnm\u00e4chtigkeit kann zudem die Hemmschwelle sich zu engagieren oder organisieren verst\u00e4rken.<\/div><\/div><div><div dir=\"auto\">Um mehr Menschen dazu zu bewegen sich zu engagieren sollte der Aspekt beachtet werden, dass Interessierte dort abgeholt werden m\u00fcssen, wo sie stehen. Bildungsst\u00e4nde, Kompetenzen, physische und psychische Grenzen sowie Lebenslagen sind unterschiedlich. Menschen brauchen das Gef\u00fchl, dass sie geachtet werden, auch wenn sie mit Unsicherheiten oder \u00dcberforderung konfrontiert sind. Angebote sollten sich daran orientieren, dass Menschen unterschiedlich sind, aber jeder bestimmte Kompetenzen mitbringt, die nutzbar sind. Und ein entscheidender Aspekt ist auch, dass offen mit unterschiedlichen Meinungen umgegangen wird, solange es in Grundlagen entscheidende Gemeinsamkeiten gibt.<\/div><\/div><div><div dir=\"auto\">Hoffnung kann erzeugt werden, Gemeinsamkeiten k\u00f6nnen in den Vordergrund gestellt werden und die Erschaffung eines kollektiven Wir-Gef\u00fchl macht stark und kann helfen die Perspektivlosigkeit zu \u00fcberwinden.<\/div><\/div>\t\t\t\t\t\t\t\t<\/div>\n\t\t\t\t<\/div>\n\t\t\t\t\t<\/div>\n\t\t<\/div>\n\t\t\t\t\t<\/div>\n\t\t<\/section>\n\t\t\t\t<section class=\"elementor-section elementor-top-section elementor-element elementor-element-3370c36 elementor-section-boxed elementor-section-height-default elementor-section-height-default\" data-id=\"3370c36\" data-element_type=\"section\">\n\t\t\t\t\t\t<div class=\"elementor-container elementor-column-gap-default\">\n\t\t\t\t\t<div class=\"elementor-column elementor-col-100 elementor-top-column elementor-element elementor-element-6de3491\" data-id=\"6de3491\" data-element_type=\"column\">\n\t\t\t<div class=\"elementor-widget-wrap elementor-element-populated\">\n\t\t\t\t\t\t<div class=\"elementor-element elementor-element-8a50f11 elementor-widget elementor-widget-text-editor\" data-id=\"8a50f11\" data-element_type=\"widget\" data-widget_type=\"text-editor.default\">\n\t\t\t\t<div class=\"elementor-widget-container\">\n\t\t\t\t\t\t\t\t\t<p style=\"text-align: right;\">Datum: 23. September 2023<\/p>\t\t\t\t\t\t\t\t<\/div>\n\t\t\t\t<\/div>\n\t\t\t\t<div class=\"elementor-element elementor-element-2012d45 e-grid-align-left elementor-grid-1 elementor-shape-rounded elementor-invisible elementor-widget elementor-widget-social-icons\" data-id=\"2012d45\" data-element_type=\"widget\" data-settings=\"{&quot;_animation&quot;:&quot;zoomInUp&quot;}\" data-widget_type=\"social-icons.default\">\n\t\t\t\t<div class=\"elementor-widget-container\">\n\t\t\t\t\t\t\t<div class=\"elementor-social-icons-wrapper elementor-grid\">\n\t\t\t\t\t\t\t<span class=\"elementor-grid-item\">\n\t\t\t\t\t<a class=\"elementor-icon elementor-social-icon elementor-social-icon-facebook elementor-animation-pop elementor-repeater-item-9a7555e\" href=\"https:\/\/www.facebook.com\/profile.php?id=100087309576070\" target=\"_blank\">\n\t\t\t\t\t\t<span class=\"elementor-screen-only\">Facebook<\/span>\n\t\t\t\t\t\t<i class=\"fab fa-facebook\"><\/i>\t\t\t\t\t<\/a>\n\t\t\t\t<\/span>\n\t\t\t\t\t<\/div>\n\t\t\t\t\t\t<\/div>\n\t\t\t\t<\/div>\n\t\t\t\t<div class=\"elementor-element elementor-element-5b291f2 elementor-invisible elementor-widget elementor-widget-html\" data-id=\"5b291f2\" data-element_type=\"widget\" data-settings=\"{&quot;_animation&quot;:&quot;zoomInUp&quot;}\" data-widget_type=\"html.default\">\n\t\t\t\t<div class=\"elementor-widget-container\">\n\t\t\t\t\t<div id=\"fb-root\"><\/div>\n<script async defer crossorigin=\"anonymous\" src=\"https:\/\/connect.facebook.net\/de_DE\/sdk.js#xfbml=1&version=v15.0&appId=1303074663797403&autoLogAppEvents=1\" nonce=\"DHhOO0Bo\"><\/script>\n<div class=\"fb-post\" data-href=\"https:\/\/www.facebook.com\/permalink.php?story_fbid=pfbid02Mf3jxB6tDmCqv4w4ZHqfHRF5Uz3qjQFWvU6j8JAArs3XTY9F95uT2SCVNNQGJB8Dl&amp;id=100087309576070\" data-width=\"750\" data-show-text=\"true\"><blockquote cite=\"https:\/\/www.facebook.com\/permalink.php?story_fbid=270788382508146&amp;id=100087309576070\" class=\"fb-xfbml-parse-ignore\"><p>Hoffnung wagen - Organisation niedrigschwellig erm\u00f6glichen\n\nHoffnung ist der entscheidende Antrieb f\u00fcr eine Vision einer...<\/p>Gepostet von <a href=\"https:\/\/www.facebook.com\/people\/Marisas-Blog-Diskussionsforum-Stiftung-Gewaltfreies-Leben\/100087309576070\/\">Marisa&#039;s Blog Diskussionsforum - Stiftung Gewaltfreies Leben<\/a> am&nbsp;<a href=\"https:\/\/www.facebook.com\/permalink.php?story_fbid=270788382508146&amp;id=100087309576070\">Samstag, 23. September 2023<\/a><\/blockquote><\/div>\t\t\t\t<\/div>\n\t\t\t\t<\/div>\n\t\t\t\t\t<\/div>\n\t\t<\/div>\n\t\t\t\t\t<\/div>\n\t\t<\/section>\n\t\t\t\t<\/div>\n\t\t","protected":false},"excerpt":{"rendered":"<p>Hoffnung ist der entscheidende Antrieb f\u00fcr eine Vision einer besseren Welt. Sie erm\u00f6glicht es Menschen, sich f\u00fcr positive Ver\u00e4nderungen einzusetzen und Herausforderungen zu \u00fcberwinden. Ohne Hoffnung k\u00f6nnten wir uns nicht vorstellen, wie die Welt besser sein k\u00f6nnte, und wir w\u00fcrden nicht die Motivation finden, an einer solchen Vision zu arbeiten. Hoffnung ist der erste und &hellip;<\/p>\n","protected":false},"author":2,"featured_media":0,"parent":15,"menu_order":0,"comment_status":"closed","ping_status":"closed","template":"","meta":{"footnotes":""},"aioseo_notices":[],"_links":{"self":[{"href":"https:\/\/stiftung-gewaltfreies-leben.de\/index.php\/wp-json\/wp\/v2\/pages\/1260"}],"collection":[{"href":"https:\/\/stiftung-gewaltfreies-leben.de\/index.php\/wp-json\/wp\/v2\/pages"}],"about":[{"href":"https:\/\/stiftung-gewaltfreies-leben.de\/index.php\/wp-json\/wp\/v2\/types\/page"}],"author":[{"embeddable":true,"href":"https:\/\/stiftung-gewaltfreies-leben.de\/index.php\/wp-json\/wp\/v2\/users\/2"}],"replies":[{"embeddable":true,"href":"https:\/\/stiftung-gewaltfreies-leben.de\/index.php\/wp-json\/wp\/v2\/comments?post=1260"}],"version-history":[{"count":4,"href":"https:\/\/stiftung-gewaltfreies-leben.de\/index.php\/wp-json\/wp\/v2\/pages\/1260\/revisions"}],"predecessor-version":[{"id":1264,"href":"https:\/\/stiftung-gewaltfreies-leben.de\/index.php\/wp-json\/wp\/v2\/pages\/1260\/revisions\/1264"}],"up":[{"embeddable":true,"href":"https:\/\/stiftung-gewaltfreies-leben.de\/index.php\/wp-json\/wp\/v2\/pages\/15"}],"wp:attachment":[{"href":"https:\/\/stiftung-gewaltfreies-leben.de\/index.php\/wp-json\/wp\/v2\/media?parent=1260"}],"curies":[{"name":"wp","href":"https:\/\/api.w.org\/{rel}","templated":true}]}}